{"id":1318,"date":"2021-11-21T15:12:46","date_gmt":"2021-11-21T14:12:46","guid":{"rendered":"http:\/\/infiniteclassiccars.com\/index.php\/home\/"},"modified":"2024-04-25T11:16:08","modified_gmt":"2024-04-25T09:16:08","slug":"accueil","status":"publish","type":"page","link":"https:\/\/infiniteclassiccars.com\/","title":{"rendered":"Accueil"},"content":{"rendered":"\t\t<div data-elementor-type=\"wp-page\" data-elementor-id=\"1318\" class=\"elementor elementor-1318\">\n\t\t\t\t\t\t\t\t\t<section class=\"elementor-section elementor-top-section elementor-element elementor-element-ca7541c elementor-section-height-min-height elementor-section-boxed elementor-section-height-default elementor-section-items-middle\" data-id=\"ca7541c\" data-element_type=\"section\" data-settings=\"{&quot;background_background&quot;:&quot;classic&quot;}\">\n\t\t\t\t\t\t\t<div class=\"elementor-background-overlay\"><\/div>\n\t\t\t\t\t\t\t<div class=\"elementor-container elementor-column-gap-default\">\n\t\t\t\t\t<div class=\"elementor-column elementor-col-100 elementor-top-column elementor-element elementor-element-bdac241\" data-id=\"bdac241\" data-element_type=\"column\">\n\t\t\t<div class=\"elementor-widget-wrap elementor-element-populated\">\n\t\t\t\t\t\t\t\t<div class=\"elementor-element elementor-element-5ac4ad4 elementor-widget elementor-widget-image\" data-id=\"5ac4ad4\" data-element_type=\"widget\" data-widget_type=\"image.default\">\n\t\t\t\t<div class=\"elementor-widget-container\">\n\t\t\t<style>\/*! elementor - v3.7.1 - 14-08-2022 *\/\n.elementor-widget-image{text-align:center}.elementor-widget-image a{display:inline-block}.elementor-widget-image a img[src$=\".svg\"]{width:48px}.elementor-widget-image img{vertical-align:middle;display:inline-block}<\/style>\t\t\t\t\t\t\t\t\t\t\t\t<img loading=\"lazy\" decoding=\"async\" width=\"300\" height=\"61\" src=\"https:\/\/infiniteclassiccars.com\/wp-content\/uploads\/2022\/06\/INFINITECLASSICCARS_logo_blanc-300x61.png\" class=\"attachment-medium size-medium\" alt=\"\" srcset=\"https:\/\/infiniteclassiccars.com\/wp-content\/uploads\/2022\/06\/INFINITECLASSICCARS_logo_blanc-300x61.png 300w, https:\/\/infiniteclassiccars.com\/wp-content\/uploads\/2022\/06\/INFINITECLASSICCARS_logo_blanc-768x156.png 768w, https:\/\/infiniteclassiccars.com\/wp-content\/uploads\/2022\/06\/INFINITECLASSICCARS_logo_blanc-279x57.png 279w, https:\/\/infiniteclassiccars.com\/wp-content\/uploads\/2022\/06\/INFINITECLASSICCARS_logo_blanc.png 850w\" sizes=\"auto, (max-width: 300px) 100vw, 300px\" \/>\t\t\t\t\t\t\t\t\t\t\t\t\t\t\t<\/div>\n\t\t\t\t<\/div>\n\t\t\t\t\t<\/div>\n\t\t<\/div>\n\t\t\t\t\t\t\t<\/div>\n\t\t<\/section>\n\t\t\t\t<section class=\"elementor-section elementor-top-section elementor-element elementor-element-45af27b elementor-section-boxed elementor-section-height-default elementor-section-height-default\" data-id=\"45af27b\" data-element_type=\"section\">\n\t\t\t\t\t\t<div class=\"elementor-container elementor-column-gap-default\">\n\t\t\t\t\t<div class=\"elementor-column elementor-col-100 elementor-top-column elementor-element elementor-element-5fc6034\" data-id=\"5fc6034\" data-element_type=\"column\">\n\t\t\t<div class=\"elementor-widget-wrap elementor-element-populated\">\n\t\t\t\t\t\t\t\t<div class=\"elementor-element elementor-element-1d995df elementor-widget elementor-widget-spacer\" data-id=\"1d995df\" data-element_type=\"widget\" data-widget_type=\"spacer.default\">\n\t\t\t\t<div class=\"elementor-widget-container\">\n\t\t\t<style>\/*! elementor - v3.7.1 - 14-08-2022 *\/\n.elementor-column .elementor-spacer-inner{height:var(--spacer-size)}.e-container{--container-widget-width:100%}.e-container>.elementor-widget-spacer{width:var(--container-widget-width,var(--spacer-size));-ms-flex-item-align:stretch;align-self:stretch;-ms-flex-negative:0;flex-shrink:0}.e-container>.elementor-widget-spacer>.elementor-widget-container,.e-container>.elementor-widget-spacer>.elementor-widget-container>.elementor-spacer{height:100%}.e-container>.elementor-widget-spacer>.elementor-widget-container>.elementor-spacer>.elementor-spacer-inner{height:var(--container-widget-height,var(--spacer-size))}<\/style>\t\t<div class=\"elementor-spacer\">\n\t\t\t<div class=\"elementor-spacer-inner\"><\/div>\n\t\t<\/div>\n\t\t\t\t<\/div>\n\t\t\t\t<\/div>\n\t\t\t\t\t<\/div>\n\t\t<\/div>\n\t\t\t\t\t\t\t<\/div>\n\t\t<\/section>\n\t\t\t\t<section class=\"elementor-section elementor-top-section elementor-element elementor-element-c201418 elementor-section-boxed elementor-section-height-default elementor-section-height-default\" data-id=\"c201418\" data-element_type=\"section\">\n\t\t\t\t\t\t<div class=\"elementor-container elementor-column-gap-default\">\n\t\t\t\t\t<div class=\"elementor-column elementor-col-100 elementor-top-column elementor-element elementor-element-2d2f1ff\" data-id=\"2d2f1ff\" data-element_type=\"column\">\n\t\t\t<div class=\"elementor-widget-wrap elementor-element-populated\">\n\t\t\t\t\t\t\t\t<div class=\"elementor-element elementor-element-1fb431f elementor-widget elementor-widget-text-editor\" data-id=\"1fb431f\" data-element_type=\"widget\" data-widget_type=\"text-editor.default\">\n\t\t\t\t<div class=\"elementor-widget-container\">\n\t\t\t<style>\/*! elementor - v3.7.1 - 14-08-2022 *\/\n.elementor-widget-text-editor.elementor-drop-cap-view-stacked .elementor-drop-cap{background-color:#818a91;color:#fff}.elementor-widget-text-editor.elementor-drop-cap-view-framed .elementor-drop-cap{color:#818a91;border:3px solid;background-color:transparent}.elementor-widget-text-editor:not(.elementor-drop-cap-view-default) .elementor-drop-cap{margin-top:8px}.elementor-widget-text-editor:not(.elementor-drop-cap-view-default) .elementor-drop-cap-letter{width:1em;height:1em}.elementor-widget-text-editor .elementor-drop-cap{float:left;text-align:center;line-height:1;font-size:50px}.elementor-widget-text-editor .elementor-drop-cap-letter{display:inline-block}<\/style>\t\t\t\t<h3 style=\"text-align: center;\">Bienvenue sur le site <strong>Infinite Classic Cars<\/strong>, <br>votre gestionnaire de patrimoine automobile.<\/h3>\n<h3 style=\"text-align: center;\">Pour que votre v\u00e9hicule soit un outil de libert\u00e9 et rien d\u2019autre.<\/h3>\t\t\t\t\t\t<\/div>\n\t\t\t\t<\/div>\n\t\t\t\t\t<\/div>\n\t\t<\/div>\n\t\t\t\t\t\t\t<\/div>\n\t\t<\/section>\n\t\t\t\t<section class=\"elementor-section elementor-top-section elementor-element elementor-element-7f34113 elementor-section-boxed elementor-section-height-default elementor-section-height-default\" data-id=\"7f34113\" data-element_type=\"section\">\n\t\t\t\t\t\t<div class=\"elementor-container elementor-column-gap-default\">\n\t\t\t\t\t<div class=\"elementor-column elementor-col-100 elementor-top-column elementor-element elementor-element-55c7d00\" data-id=\"55c7d00\" data-element_type=\"column\">\n\t\t\t<div class=\"elementor-widget-wrap elementor-element-populated\">\n\t\t\t\t\t\t\t\t<div class=\"elementor-element elementor-element-8c2138f elementor-widget elementor-widget-text-editor\" data-id=\"8c2138f\" data-element_type=\"widget\" data-widget_type=\"text-editor.default\">\n\t\t\t\t<div class=\"elementor-widget-container\">\n\t\t\t\t\t\t\t<h6 style=\"text-align: center;\"><em>Cliquez sur nos services pour en savoir plus :<\/em> <\/h6>\t\t\t\t\t\t<\/div>\n\t\t\t\t<\/div>\n\t\t\t\t\t<\/div>\n\t\t<\/div>\n\t\t\t\t\t\t\t<\/div>\n\t\t<\/section>\n\t\t\t\t<section class=\"elementor-section elementor-top-section elementor-element elementor-element-a1c7dec elementor-section-boxed elementor-section-height-default elementor-section-height-default\" data-id=\"a1c7dec\" data-element_type=\"section\">\n\t\t\t\t\t\t<div class=\"elementor-container elementor-column-gap-default\">\n\t\t\t\t\t<div class=\"elementor-column elementor-col-25 elementor-top-column elementor-element elementor-element-ba955fc\" data-id=\"ba955fc\" data-element_type=\"column\">\n\t\t\t<div class=\"elementor-widget-wrap elementor-element-populated\">\n\t\t\t\t\t\t\t\t<div class=\"elementor-element elementor-element-2f0baa2 elementor-widget elementor-widget-image\" data-id=\"2f0baa2\" data-element_type=\"widget\" data-widget_type=\"image.default\">\n\t\t\t\t<div class=\"elementor-widget-container\">\n\t\t\t\t\t\t\t\t\t\t\t\t<figure class=\"wp-caption\">\n\t\t\t\t\t\t\t\t\t\t\t<a href=\"https:\/\/infiniteclassiccars.com\/index.php\/conciergerie\/\">\n\t\t\t\t\t\t\t<img loading=\"lazy\" decoding=\"async\" width=\"664\" height=\"886\" src=\"https:\/\/infiniteclassiccars.com\/wp-content\/uploads\/2022\/08\/INFINITE_Accueil_conciergerie.jpg\" class=\"attachment-large size-large\" alt=\"\" srcset=\"https:\/\/infiniteclassiccars.com\/wp-content\/uploads\/2022\/08\/INFINITE_Accueil_conciergerie.jpg 664w, https:\/\/infiniteclassiccars.com\/wp-content\/uploads\/2022\/08\/INFINITE_Accueil_conciergerie-225x300.jpg 225w\" sizes=\"auto, (max-width: 664px) 100vw, 664px\" \/>\t\t\t\t\t\t\t\t<\/a>\n\t\t\t\t\t\t\t\t\t\t\t<figcaption class=\"widget-image-caption wp-caption-text\">CONCIERGERIE<\/figcaption>\n\t\t\t\t\t\t\t\t\t\t<\/figure>\n\t\t\t\t\t\t\t\t\t<\/div>\n\t\t\t\t<\/div>\n\t\t\t\t\t<\/div>\n\t\t<\/div>\n\t\t\t\t<div class=\"elementor-column elementor-col-25 elementor-top-column elementor-element elementor-element-c2acc8c\" data-id=\"c2acc8c\" data-element_type=\"column\">\n\t\t\t<div class=\"elementor-widget-wrap elementor-element-populated\">\n\t\t\t\t\t\t\t\t<div class=\"elementor-element elementor-element-13a88fd elementor-widget elementor-widget-image\" data-id=\"13a88fd\" data-element_type=\"widget\" data-widget_type=\"image.default\">\n\t\t\t\t<div class=\"elementor-widget-container\">\n\t\t\t\t\t\t\t\t\t\t\t\t<figure class=\"wp-caption\">\n\t\t\t\t\t\t\t\t\t\t\t<a href=\"https:\/\/infiniteclassiccars.com\/index.php\/gardiennage\/\">\n\t\t\t\t\t\t\t<img loading=\"lazy\" decoding=\"async\" width=\"664\" height=\"886\" src=\"https:\/\/infiniteclassiccars.com\/wp-content\/uploads\/2022\/08\/INFINITE_Accueil_gardiennage.jpg\" class=\"attachment-large size-large\" alt=\"\" srcset=\"https:\/\/infiniteclassiccars.com\/wp-content\/uploads\/2022\/08\/INFINITE_Accueil_gardiennage.jpg 664w, https:\/\/infiniteclassiccars.com\/wp-content\/uploads\/2022\/08\/INFINITE_Accueil_gardiennage-225x300.jpg 225w\" sizes=\"auto, (max-width: 664px) 100vw, 664px\" \/>\t\t\t\t\t\t\t\t<\/a>\n\t\t\t\t\t\t\t\t\t\t\t<figcaption class=\"widget-image-caption wp-caption-text\">GARDIENNAGE<\/figcaption>\n\t\t\t\t\t\t\t\t\t\t<\/figure>\n\t\t\t\t\t\t\t\t\t<\/div>\n\t\t\t\t<\/div>\n\t\t\t\t\t<\/div>\n\t\t<\/div>\n\t\t\t\t<div class=\"elementor-column elementor-col-25 elementor-top-column elementor-element elementor-element-2087440\" data-id=\"2087440\" data-element_type=\"column\">\n\t\t\t<div class=\"elementor-widget-wrap elementor-element-populated\">\n\t\t\t\t\t\t\t\t<div class=\"elementor-element elementor-element-858af59 elementor-widget elementor-widget-image\" data-id=\"858af59\" data-element_type=\"widget\" data-widget_type=\"image.default\">\n\t\t\t\t<div class=\"elementor-widget-container\">\n\t\t\t\t\t\t\t\t\t\t\t\t<figure class=\"wp-caption\">\n\t\t\t\t\t\t\t\t\t\t\t<a href=\"https:\/\/infiniteclassiccars.com\/index.php\/convoyage\/\">\n\t\t\t\t\t\t\t<img loading=\"lazy\" decoding=\"async\" width=\"664\" height=\"886\" src=\"https:\/\/infiniteclassiccars.com\/wp-content\/uploads\/2022\/08\/INFINITE_Accueil_convoyage.jpg\" class=\"attachment-large size-large\" alt=\"\" srcset=\"https:\/\/infiniteclassiccars.com\/wp-content\/uploads\/2022\/08\/INFINITE_Accueil_convoyage.jpg 664w, https:\/\/infiniteclassiccars.com\/wp-content\/uploads\/2022\/08\/INFINITE_Accueil_convoyage-225x300.jpg 225w\" sizes=\"auto, (max-width: 664px) 100vw, 664px\" \/>\t\t\t\t\t\t\t\t<\/a>\n\t\t\t\t\t\t\t\t\t\t\t<figcaption class=\"widget-image-caption wp-caption-text\">CONVOYAGE<\/figcaption>\n\t\t\t\t\t\t\t\t\t\t<\/figure>\n\t\t\t\t\t\t\t\t\t<\/div>\n\t\t\t\t<\/div>\n\t\t\t\t\t<\/div>\n\t\t<\/div>\n\t\t\t\t<div class=\"elementor-column elementor-col-25 elementor-top-column elementor-element elementor-element-ba46447\" data-id=\"ba46447\" data-element_type=\"column\">\n\t\t\t<div class=\"elementor-widget-wrap elementor-element-populated\">\n\t\t\t\t\t\t\t\t<div class=\"elementor-element elementor-element-f208da1 elementor-widget elementor-widget-image\" data-id=\"f208da1\" data-element_type=\"widget\" data-widget_type=\"image.default\">\n\t\t\t\t<div class=\"elementor-widget-container\">\n\t\t\t\t\t\t\t\t\t\t\t\t<figure class=\"wp-caption\">\n\t\t\t\t\t\t\t\t\t\t\t<a href=\"https:\/\/infiniteclassiccars.com\/index.php\/venteassistee\/\">\n\t\t\t\t\t\t\t<img loading=\"lazy\" decoding=\"async\" width=\"664\" height=\"886\" src=\"https:\/\/infiniteclassiccars.com\/wp-content\/uploads\/2022\/08\/INFINITE_Accueil_assistance.jpg\" class=\"attachment-large size-large\" alt=\"\" srcset=\"https:\/\/infiniteclassiccars.com\/wp-content\/uploads\/2022\/08\/INFINITE_Accueil_assistance.jpg 664w, https:\/\/infiniteclassiccars.com\/wp-content\/uploads\/2022\/08\/INFINITE_Accueil_assistance-225x300.jpg 225w\" sizes=\"auto, (max-width: 664px) 100vw, 664px\" \/>\t\t\t\t\t\t\t\t<\/a>\n\t\t\t\t\t\t\t\t\t\t\t<figcaption class=\"widget-image-caption wp-caption-text\">VENTE ASSIST\u00c9E<\/figcaption>\n\t\t\t\t\t\t\t\t\t\t<\/figure>\n\t\t\t\t\t\t\t\t\t<\/div>\n\t\t\t\t<\/div>\n\t\t\t\t\t<\/div>\n\t\t<\/div>\n\t\t\t\t\t\t\t<\/div>\n\t\t<\/section>\n\t\t\t\t<section class=\"elementor-section elementor-top-section elementor-element elementor-element-76b21dd elementor-section-boxed elementor-section-height-default elementor-section-height-default\" data-id=\"76b21dd\" data-element_type=\"section\">\n\t\t\t\t\t\t<div class=\"elementor-container elementor-column-gap-default\">\n\t\t\t\t\t<div class=\"elementor-column elementor-col-100 elementor-top-column elementor-element elementor-element-c507c33\" data-id=\"c507c33\" data-element_type=\"column\">\n\t\t\t<div class=\"elementor-widget-wrap elementor-element-populated\">\n\t\t\t\t\t\t\t\t<div class=\"elementor-element elementor-element-489853c elementor-widget elementor-widget-heading\" data-id=\"489853c\" data-element_type=\"widget\" data-widget_type=\"heading.default\">\n\t\t\t\t<div class=\"elementor-widget-container\">\n\t\t\t<style>\/*! elementor - v3.7.1 - 14-08-2022 *\/\n.elementor-heading-title{padding:0;margin:0;line-height:1}.elementor-widget-heading .elementor-heading-title[class*=elementor-size-]>a{color:inherit;font-size:inherit;line-height:inherit}.elementor-widget-heading .elementor-heading-title.elementor-size-small{font-size:15px}.elementor-widget-heading .elementor-heading-title.elementor-size-medium{font-size:19px}.elementor-widget-heading .elementor-heading-title.elementor-size-large{font-size:29px}.elementor-widget-heading .elementor-heading-title.elementor-size-xl{font-size:39px}.elementor-widget-heading .elementor-heading-title.elementor-size-xxl{font-size:59px}<\/style><h2 class=\"elementor-heading-title elementor-size-default\">Mod\u00e8les rares cherchent collectionneurs :<\/h2>\t\t<\/div>\n\t\t\t\t<\/div>\n\t\t\t\t\t<\/div>\n\t\t<\/div>\n\t\t\t\t\t\t\t<\/div>\n\t\t<\/section>\n\t\t\t\t<section class=\"elementor-section elementor-top-section elementor-element elementor-element-e2fbf71 elementor-section-boxed elementor-section-height-default elementor-section-height-default\" data-id=\"e2fbf71\" data-element_type=\"section\">\n\t\t\t\t\t\t\t<div class=\"elementor-background-overlay\"><\/div>\n\t\t\t\t\t\t\t<div class=\"elementor-container elementor-column-gap-default\">\n\t\t\t\t\t<div class=\"elementor-column elementor-col-50 elementor-top-column elementor-element elementor-element-cdb8cd7\" data-id=\"cdb8cd7\" data-element_type=\"column\">\n\t\t\t<div class=\"elementor-widget-wrap elementor-element-populated\">\n\t\t\t\t\t\t\t\t<div class=\"elementor-element elementor-element-9798453 elementor-widget elementor-widget-image\" data-id=\"9798453\" data-element_type=\"widget\" data-widget_type=\"image.default\">\n\t\t\t\t<div class=\"elementor-widget-container\">\n\t\t\t\t\t\t\t\t\t\t\t\t\t\t\t<img loading=\"lazy\" decoding=\"async\" width=\"1024\" height=\"599\" src=\"https:\/\/infiniteclassiccars.com\/wp-content\/uploads\/2023\/11\/Face-AV-1024x599.jpg\" class=\"attachment-large size-large\" alt=\"\" srcset=\"https:\/\/infiniteclassiccars.com\/wp-content\/uploads\/2023\/11\/Face-AV-1024x599.jpg 1024w, https:\/\/infiniteclassiccars.com\/wp-content\/uploads\/2023\/11\/Face-AV-300x175.jpg 300w, https:\/\/infiniteclassiccars.com\/wp-content\/uploads\/2023\/11\/Face-AV-768x449.jpg 768w, https:\/\/infiniteclassiccars.com\/wp-content\/uploads\/2023\/11\/Face-AV-1536x898.jpg 1536w, https:\/\/infiniteclassiccars.com\/wp-content\/uploads\/2023\/11\/Face-AV-2048x1197.jpg 2048w\" sizes=\"auto, (max-width: 1024px) 100vw, 1024px\" \/>\t\t\t\t\t\t\t\t\t\t\t\t\t\t\t<\/div>\n\t\t\t\t<\/div>\n\t\t\t\t\t<\/div>\n\t\t<\/div>\n\t\t\t\t<div class=\"elementor-column elementor-col-50 elementor-top-column elementor-element elementor-element-42cd7e7\" data-id=\"42cd7e7\" data-element_type=\"column\">\n\t\t\t<div class=\"elementor-widget-wrap elementor-element-populated\">\n\t\t\t\t\t\t\t\t<div class=\"elementor-element elementor-element-56cd179 elementor-widget elementor-widget-text-editor\" data-id=\"56cd179\" data-element_type=\"widget\" data-widget_type=\"text-editor.default\">\n\t\t\t\t<div class=\"elementor-widget-container\">\n\t\t\t\t\t\t\t<h3 style=\"text-align: justify;\"><strong><em>Daimler super V8\u00a0LWB<br \/><\/em><\/strong><strong><span style=\"color: #333399;\"><em>R\u00e9f\u00a0: 2311001<\/em><\/span><\/strong><\/h3><p style=\"text-align: justify;\"><em>INFINITE CLASSIC CARS vous propose \u00e0 la vente pour le compte de son client cette tr\u00e8s belle Daimler X308 Super V8.<\/em><\/p><p style=\"text-align: justify;\"><em>\u00a0<\/em><\/p><p style=\"text-align: justify;\"><em>Ce mod\u00e8le rare <strong><span style=\"color: #333399;\">(2387 exemplaires au monde),<\/span><\/strong> au ch\u00e2ssis long repr\u00e9sentant le luxe et le raffinement \u00e0 l&#8217;anglaise, dispose, pour son \u00e2ge, d&#8217;un \u00e9quipement impressionnant (&#8230;)<\/em><\/p>\t\t\t\t\t\t<\/div>\n\t\t\t\t<\/div>\n\t\t\t\t<div class=\"elementor-element elementor-element-d967e81 elementor-widget elementor-widget-button\" data-id=\"d967e81\" data-element_type=\"widget\" data-widget_type=\"button.default\">\n\t\t\t\t<div class=\"elementor-widget-container\">\n\t\t\t\t\t<div class=\"elementor-button-wrapper\">\n\t\t\t<a href=\"https:\/\/infiniteclassiccars.com\/index.php\/annonce-daimler\/\" target=\"_blank\" class=\"elementor-button-link elementor-button elementor-size-sm\" role=\"button\">\n\t\t\t\t\t\t<span class=\"elementor-button-content-wrapper\">\n\t\t\t\t\t\t<span class=\"elementor-button-text\">Voir l'annonce<\/span>\n\t\t<\/span>\n\t\t\t\t\t<\/a>\n\t\t<\/div>\n\t\t\t\t<\/div>\n\t\t\t\t<\/div>\n\t\t\t\t\t<\/div>\n\t\t<\/div>\n\t\t\t\t\t\t\t<\/div>\n\t\t<\/section>\n\t\t\t\t<section class=\"elementor-section elementor-top-section elementor-element elementor-element-bc4a0e0 elementor-section-boxed elementor-section-height-default elementor-section-height-default\" data-id=\"bc4a0e0\" data-element_type=\"section\">\n\t\t\t\t\t\t\t<div class=\"elementor-background-overlay\"><\/div>\n\t\t\t\t\t\t\t<div class=\"elementor-container elementor-column-gap-default\">\n\t\t\t\t\t<div class=\"elementor-column elementor-col-50 elementor-top-column elementor-element elementor-element-7d8a922\" data-id=\"7d8a922\" data-element_type=\"column\">\n\t\t\t<div class=\"elementor-widget-wrap elementor-element-populated\">\n\t\t\t\t\t\t\t\t<div class=\"elementor-element elementor-element-a8b2c31 elementor-widget elementor-widget-image\" data-id=\"a8b2c31\" data-element_type=\"widget\" data-widget_type=\"image.default\">\n\t\t\t\t<div class=\"elementor-widget-container\">\n\t\t\t\t\t\t\t\t\t\t\t\t\t\t\t<img loading=\"lazy\" decoding=\"async\" width=\"945\" height=\"630\" src=\"https:\/\/infiniteclassiccars.com\/wp-content\/uploads\/2024\/01\/3-Cote-Dt-F2-web.jpg\" class=\"attachment-large size-large\" alt=\"\" srcset=\"https:\/\/infiniteclassiccars.com\/wp-content\/uploads\/2024\/01\/3-Cote-Dt-F2-web.jpg 945w, https:\/\/infiniteclassiccars.com\/wp-content\/uploads\/2024\/01\/3-Cote-Dt-F2-web-300x200.jpg 300w, https:\/\/infiniteclassiccars.com\/wp-content\/uploads\/2024\/01\/3-Cote-Dt-F2-web-768x512.jpg 768w\" sizes=\"auto, (max-width: 945px) 100vw, 945px\" \/>\t\t\t\t\t\t\t\t\t\t\t\t\t\t\t<\/div>\n\t\t\t\t<\/div>\n\t\t\t\t\t<\/div>\n\t\t<\/div>\n\t\t\t\t<div class=\"elementor-column elementor-col-50 elementor-top-column elementor-element elementor-element-0485ae9\" data-id=\"0485ae9\" data-element_type=\"column\">\n\t\t\t<div class=\"elementor-widget-wrap elementor-element-populated\">\n\t\t\t\t\t\t\t\t<div class=\"elementor-element elementor-element-e3094a2 elementor-widget elementor-widget-text-editor\" data-id=\"e3094a2\" data-element_type=\"widget\" data-widget_type=\"text-editor.default\">\n\t\t\t\t<div class=\"elementor-widget-container\">\n\t\t\t\t\t\t\t<h3 style=\"text-align: justify;\"><strong><em><span lang=\"EN-US\">Porsche Boxster 3,4 Porsche Design Edition 2<\/span><br \/><\/em><\/strong><strong><span style=\"color: #333399;\"><em>R\u00e9f : 2311002<br \/><span style=\"color: #3366ff;\">VENDUE<\/span><br \/><br \/><\/em><\/span><\/strong><\/h3><p style=\"text-align: justify;\"><em>INFINITE CLASSIC CARS vous propose \u00e0 la vente pour le compte de son client cette magnifique et rare Porsche Boxster Porsche Design Edition 2.<\/em><\/p><p><em>C\u2019est en \u00e9troite collaboration avec l\u2019entreprise Porsche Design, qu\u2019est n\u00e9e cette s\u00e9rie limit\u00e9e<\/em><em> \u00e0<span style=\"color: #333399;\"><strong> 500 exemplaires (009 \/500). <\/strong><\/span>(&#8230;)<\/em><\/p>\t\t\t\t\t\t<\/div>\n\t\t\t\t<\/div>\n\t\t\t\t<div class=\"elementor-element elementor-element-6f8dc66 elementor-widget elementor-widget-button\" data-id=\"6f8dc66\" data-element_type=\"widget\" data-widget_type=\"button.default\">\n\t\t\t\t<div class=\"elementor-widget-container\">\n\t\t\t\t\t<div class=\"elementor-button-wrapper\">\n\t\t\t<a href=\"https:\/\/infiniteclassiccars.com\/index.php\/annonce-porsche\/\" target=\"_blank\" class=\"elementor-button-link elementor-button elementor-size-sm\" role=\"button\">\n\t\t\t\t\t\t<span class=\"elementor-button-content-wrapper\">\n\t\t\t\t\t\t<span class=\"elementor-button-text\">Voir l'annonce<\/span>\n\t\t<\/span>\n\t\t\t\t\t<\/a>\n\t\t<\/div>\n\t\t\t\t<\/div>\n\t\t\t\t<\/div>\n\t\t\t\t\t<\/div>\n\t\t<\/div>\n\t\t\t\t\t\t\t<\/div>\n\t\t<\/section>\n\t\t\t\t<section class=\"elementor-section elementor-top-section elementor-element elementor-element-b991a90 elementor-section-height-min-height elementor-section-content-middle elementor-section-boxed elementor-section-height-default elementor-section-items-middle\" data-id=\"b991a90\" data-element_type=\"section\" data-settings=\"{&quot;background_background&quot;:&quot;classic&quot;}\">\n\t\t\t\t\t\t<div class=\"elementor-container elementor-column-gap-default\">\n\t\t\t\t\t<div class=\"elementor-column elementor-col-100 elementor-top-column elementor-element elementor-element-47e5172\" data-id=\"47e5172\" data-element_type=\"column\">\n\t\t\t<div class=\"elementor-widget-wrap elementor-element-populated\">\n\t\t\t\t\t\t\t\t<div class=\"elementor-element elementor-element-7d508b6 elementor-widget elementor-widget-heading\" data-id=\"7d508b6\" data-element_type=\"widget\" data-widget_type=\"heading.default\">\n\t\t\t\t<div class=\"elementor-widget-container\">\n\t\t\t<h4 class=\"elementor-heading-title elementor-size-small\">Comment pouvons-nous vous aider ? <\/h4>\t\t<\/div>\n\t\t\t\t<\/div>\n\t\t\t\t<div class=\"elementor-element elementor-element-e487c72 elementor-align-center elementor-widget elementor-widget-button\" data-id=\"e487c72\" data-element_type=\"widget\" data-widget_type=\"button.default\">\n\t\t\t\t<div class=\"elementor-widget-container\">\n\t\t\t\t\t<div class=\"elementor-button-wrapper\">\n\t\t\t<a href=\"https:\/\/infiniteclassiccars.com\/index.php\/contact\/\" class=\"elementor-button-link elementor-button elementor-size-sm\" role=\"button\">\n\t\t\t\t\t\t<span class=\"elementor-button-content-wrapper\">\n\t\t\t\t\t\t<span class=\"elementor-button-text\">Contactez-nous ! <\/span>\n\t\t<\/span>\n\t\t\t\t\t<\/a>\n\t\t<\/div>\n\t\t\t\t<\/div>\n\t\t\t\t<\/div>\n\t\t\t\t\t<\/div>\n\t\t<\/div>\n\t\t\t\t\t\t\t<\/div>\n\t\t<\/section>\n\t\t\t\t\t\t\t<\/div>\n\t\t","protected":false},"excerpt":{"rendered":"<p>Bienvenue sur le site Infinite Classic Cars, votre gestionnaire de patrimoine automobile. Pour que votre v\u00e9hicule soit un outil de libert\u00e9 et rien d\u2019autre. Cliquez sur nos services pour en savoir plus : CONCIERGERIE GARDIENNAGE CONVOYAGE VENTE ASSIST\u00c9E Mod\u00e8les rares cherchent collectionneurs : Daimler super V8\u00a0LWBR\u00e9f\u00a0: 2311001 INFINITE CLASSIC CARS vous propose \u00e0 la vente &hellip;<\/p>\n<p class=\"read-more\"> <a class=\"\" href=\"https:\/\/infiniteclassiccars.com\/\"> <span class=\"screen-reader-text\">Accueil<\/span> Read More &raquo;<\/a><\/p>\n","protected":false},"author":1,"featured_media":0,"parent":0,"menu_order":0,"comment_status":"closed","ping_status":"closed","template":"","meta":{"site-sidebar-layout":"no-sidebar","site-content-layout":"page-builder","ast-global-header-display":"","ast-main-header-display":"","ast-hfb-above-header-display":"","ast-hfb-below-header-display":"","ast-hfb-mobile-header-display":"","site-post-title":"disabled","ast-breadcrumbs-content":"","ast-featured-img":"disabled","footer-sml-layout":"","theme-transparent-header-meta":"enabled","adv-header-id-meta":"","stick-header-meta":"","header-above-stick-meta":"","header-main-stick-meta":"","header-below-stick-meta":"","footnotes":""},"class_list":["post-1318","page","type-page","status-publish","hentry"],"_links":{"self":[{"href":"https:\/\/infiniteclassiccars.com\/index.php\/wp-json\/wp\/v2\/pages\/1318","targetHints":{"allow":["GET"]}}],"collection":[{"href":"https:\/\/infiniteclassiccars.com\/index.php\/wp-json\/wp\/v2\/pages"}],"about":[{"href":"https:\/\/infiniteclassiccars.com\/index.php\/wp-json\/wp\/v2\/types\/page"}],"author":[{"embeddable":true,"href":"https:\/\/infiniteclassiccars.com\/index.php\/wp-json\/wp\/v2\/users\/1"}],"replies":[{"embeddable":true,"href":"https:\/\/infiniteclassiccars.com\/index.php\/wp-json\/wp\/v2\/comments?post=1318"}],"version-history":[{"count":161,"href":"https:\/\/infiniteclassiccars.com\/index.php\/wp-json\/wp\/v2\/pages\/1318\/revisions"}],"predecessor-version":[{"id":1831,"href":"https:\/\/infiniteclassiccars.com\/index.php\/wp-json\/wp\/v2\/pages\/1318\/revisions\/1831"}],"wp:attachment":[{"href":"https:\/\/infiniteclassiccars.com\/index.php\/wp-json\/wp\/v2\/media?parent=1318"}],"curies":[{"name":"wp","href":"https:\/\/api.w.org\/{rel}","templated":true}]}}