{"id":1469,"date":"2022-08-03T14:02:01","date_gmt":"2022-08-03T12:02:01","guid":{"rendered":"https:\/\/infiniteclassiccars.com\/?page_id=1469"},"modified":"2022-08-03T15:25:13","modified_gmt":"2022-08-03T13:25:13","slug":"apropos","status":"publish","type":"page","link":"https:\/\/infiniteclassiccars.com\/index.php\/apropos\/","title":{"rendered":"A propos"},"content":{"rendered":"\t\t<div data-elementor-type=\"wp-page\" data-elementor-id=\"1469\" class=\"elementor elementor-1469\">\n\t\t\t\t\t\t\t\t\t<section class=\"elementor-section elementor-top-section elementor-element elementor-element-ca7541c elementor-section-height-min-height elementor-section-boxed elementor-section-height-default elementor-section-items-middle\" data-id=\"ca7541c\" data-element_type=\"section\" data-settings=\"{&quot;background_background&quot;:&quot;classic&quot;}\">\n\t\t\t\t\t\t\t<div class=\"elementor-background-overlay\"><\/div>\n\t\t\t\t\t\t\t<div class=\"elementor-container elementor-column-gap-default\">\n\t\t\t\t\t<div class=\"elementor-column elementor-col-100 elementor-top-column elementor-element elementor-element-bdac241\" data-id=\"bdac241\" data-element_type=\"column\">\n\t\t\t<div class=\"elementor-widget-wrap elementor-element-populated\">\n\t\t\t\t\t\t\t\t<div class=\"elementor-element elementor-element-5ac4ad4 elementor-widget elementor-widget-image\" data-id=\"5ac4ad4\" data-element_type=\"widget\" data-widget_type=\"image.default\">\n\t\t\t\t<div class=\"elementor-widget-container\">\n\t\t\t<style>\/*! elementor - v3.7.1 - 14-08-2022 *\/\n.elementor-widget-image{text-align:center}.elementor-widget-image a{display:inline-block}.elementor-widget-image a img[src$=\".svg\"]{width:48px}.elementor-widget-image img{vertical-align:middle;display:inline-block}<\/style>\t\t\t\t\t\t\t\t\t\t\t\t<img loading=\"lazy\" decoding=\"async\" width=\"300\" height=\"61\" src=\"https:\/\/infiniteclassiccars.com\/wp-content\/uploads\/2022\/06\/INFINITECLASSICCARS_logo_blanc-300x61.png\" class=\"attachment-medium size-medium\" alt=\"\" srcset=\"https:\/\/infiniteclassiccars.com\/wp-content\/uploads\/2022\/06\/INFINITECLASSICCARS_logo_blanc-300x61.png 300w, https:\/\/infiniteclassiccars.com\/wp-content\/uploads\/2022\/06\/INFINITECLASSICCARS_logo_blanc-768x156.png 768w, https:\/\/infiniteclassiccars.com\/wp-content\/uploads\/2022\/06\/INFINITECLASSICCARS_logo_blanc-279x57.png 279w, https:\/\/infiniteclassiccars.com\/wp-content\/uploads\/2022\/06\/INFINITECLASSICCARS_logo_blanc.png 850w\" sizes=\"auto, (max-width: 300px) 100vw, 300px\" \/>\t\t\t\t\t\t\t\t\t\t\t\t\t\t\t<\/div>\n\t\t\t\t<\/div>\n\t\t\t\t\t<\/div>\n\t\t<\/div>\n\t\t\t\t\t\t\t<\/div>\n\t\t<\/section>\n\t\t\t\t<section class=\"elementor-section elementor-top-section elementor-element elementor-element-45af27b elementor-section-boxed elementor-section-height-default elementor-section-height-default\" data-id=\"45af27b\" data-element_type=\"section\">\n\t\t\t\t\t\t<div class=\"elementor-container elementor-column-gap-default\">\n\t\t\t\t\t<div class=\"elementor-column elementor-col-100 elementor-top-column elementor-element elementor-element-5fc6034\" data-id=\"5fc6034\" data-element_type=\"column\">\n\t\t\t<div class=\"elementor-widget-wrap elementor-element-populated\">\n\t\t\t\t\t\t\t\t<div class=\"elementor-element elementor-element-1d995df elementor-widget elementor-widget-spacer\" data-id=\"1d995df\" data-element_type=\"widget\" data-widget_type=\"spacer.default\">\n\t\t\t\t<div class=\"elementor-widget-container\">\n\t\t\t<style>\/*! elementor - v3.7.1 - 14-08-2022 *\/\n.elementor-column .elementor-spacer-inner{height:var(--spacer-size)}.e-container{--container-widget-width:100%}.e-container>.elementor-widget-spacer{width:var(--container-widget-width,var(--spacer-size));-ms-flex-item-align:stretch;align-self:stretch;-ms-flex-negative:0;flex-shrink:0}.e-container>.elementor-widget-spacer>.elementor-widget-container,.e-container>.elementor-widget-spacer>.elementor-widget-container>.elementor-spacer{height:100%}.e-container>.elementor-widget-spacer>.elementor-widget-container>.elementor-spacer>.elementor-spacer-inner{height:var(--container-widget-height,var(--spacer-size))}<\/style>\t\t<div class=\"elementor-spacer\">\n\t\t\t<div class=\"elementor-spacer-inner\"><\/div>\n\t\t<\/div>\n\t\t\t\t<\/div>\n\t\t\t\t<\/div>\n\t\t\t\t\t<\/div>\n\t\t<\/div>\n\t\t\t\t\t\t\t<\/div>\n\t\t<\/section>\n\t\t\t\t<section class=\"elementor-section elementor-top-section elementor-element elementor-element-24cd2b0 elementor-section-boxed elementor-section-height-default elementor-section-height-default\" data-id=\"24cd2b0\" data-element_type=\"section\">\n\t\t\t\t\t\t<div class=\"elementor-container elementor-column-gap-default\">\n\t\t\t\t\t<div class=\"elementor-column elementor-col-50 elementor-top-column elementor-element elementor-element-63b72d0\" data-id=\"63b72d0\" data-element_type=\"column\">\n\t\t\t<div class=\"elementor-widget-wrap elementor-element-populated\">\n\t\t\t\t\t\t\t\t<div class=\"elementor-element elementor-element-968df91 elementor-widget elementor-widget-image\" data-id=\"968df91\" data-element_type=\"widget\" data-widget_type=\"image.default\">\n\t\t\t\t<div class=\"elementor-widget-container\">\n\t\t\t\t\t\t\t\t\t\t\t\t\t\t\t<img loading=\"lazy\" decoding=\"async\" width=\"683\" height=\"1024\" src=\"https:\/\/infiniteclassiccars.com\/wp-content\/uploads\/2022\/08\/Presentation1-683x1024.jpg\" class=\"attachment-large size-large\" alt=\"\" srcset=\"https:\/\/infiniteclassiccars.com\/wp-content\/uploads\/2022\/08\/Presentation1-683x1024.jpg 683w, https:\/\/infiniteclassiccars.com\/wp-content\/uploads\/2022\/08\/Presentation1-200x300.jpg 200w, https:\/\/infiniteclassiccars.com\/wp-content\/uploads\/2022\/08\/Presentation1-768x1152.jpg 768w, https:\/\/infiniteclassiccars.com\/wp-content\/uploads\/2022\/08\/Presentation1-1024x1536.jpg 1024w, https:\/\/infiniteclassiccars.com\/wp-content\/uploads\/2022\/08\/Presentation1-1365x2048.jpg 1365w, https:\/\/infiniteclassiccars.com\/wp-content\/uploads\/2022\/08\/Presentation1-scaled.jpg 1707w\" sizes=\"auto, (max-width: 683px) 100vw, 683px\" \/>\t\t\t\t\t\t\t\t\t\t\t\t\t\t\t<\/div>\n\t\t\t\t<\/div>\n\t\t\t\t\t<\/div>\n\t\t<\/div>\n\t\t\t\t<div class=\"elementor-column elementor-col-50 elementor-top-column elementor-element elementor-element-c0436cf\" data-id=\"c0436cf\" data-element_type=\"column\">\n\t\t\t<div class=\"elementor-widget-wrap elementor-element-populated\">\n\t\t\t\t\t\t\t\t<div class=\"elementor-element elementor-element-5d4702d elementor-widget elementor-widget-text-editor\" data-id=\"5d4702d\" data-element_type=\"widget\" data-widget_type=\"text-editor.default\">\n\t\t\t\t<div class=\"elementor-widget-container\">\n\t\t\t<style>\/*! elementor - v3.7.1 - 14-08-2022 *\/\n.elementor-widget-text-editor.elementor-drop-cap-view-stacked .elementor-drop-cap{background-color:#818a91;color:#fff}.elementor-widget-text-editor.elementor-drop-cap-view-framed .elementor-drop-cap{color:#818a91;border:3px solid;background-color:transparent}.elementor-widget-text-editor:not(.elementor-drop-cap-view-default) .elementor-drop-cap{margin-top:8px}.elementor-widget-text-editor:not(.elementor-drop-cap-view-default) .elementor-drop-cap-letter{width:1em;height:1em}.elementor-widget-text-editor .elementor-drop-cap{float:left;text-align:center;line-height:1;font-size:50px}.elementor-widget-text-editor .elementor-drop-cap-letter{display:inline-block}<\/style>\t\t\t\t<h3><span style=\"color: #000000;\">Le mot du Directeur<\/span><\/h3><p style=\"text-align: justify;\"><span style=\"color: #000000;\">&#8220;Petit gar\u00e7on, j\u2019ai \u00e9t\u00e9 invit\u00e9 \u00e0 m&#8217;asseoir au volant d\u2019une Rolls rutilante qui appartenait \u00e0 un anglais en vacances dans le Sud de la France. Encore aujourd\u2019hui, je me souviens de ce m\u00e9lange d\u2019odeur de cuir et de bois pr\u00e9cieux : c\u2019est \u00e0 ce moment-l\u00e0 qu\u2019est v\u00e9ritablement n\u00e9e ma passion pour l\u2019automobile !<\/span><\/p><p>\u00a0<\/p><p style=\"text-align: justify;\"><span style=\"color: #000000;\">J\u2019ai par la suite eu la chance de faire de ma passion mon m\u00e9tier, en travaillant plusieurs ann\u00e9es pour diff\u00e9rentes marques automobiles.<\/span><\/p><p>\u00a0<\/p><p style=\"text-align: justify;\"><span style=\"color: #000000;\">En cr\u00e9ant <strong>Infinite Classic Cars<\/strong>, ce n\u2019est pas seulement de la vente automobile que je veux proposer, mais tout un \u00e9cosyst\u00e8me autour de l\u2019automobile. Je souhaite offrir \u00e0 mes clients un suivi complet de leurs v\u00e9hicules, de l&#8217;achat jusqu\u2019\u00e0 la revente, afin que leur seul plaisir soit la conduite ; les avantages sans les inconv\u00e9nients !<\/span><\/p><p>\u00a0<\/p><p style=\"text-align: justify;\"><span style=\"color: #000000;\">Je souhaite que ce patrimoine automobile soit transmis aux plus jeunes qui d\u00e9sirent investir dans un v\u00e9hicule qui ne perdra pas de sa valeur, aux passionn\u00e9s ou simplement \u00e0 des personnes qui pr\u00e9f\u00e8rent passer leur temps au travail, en famille ou encore pour leurs loisirs plut\u00f4t que de devoir s\u2019occuper de leurs v\u00e9hicules.<\/span><\/p><p>\u00a0<\/p><p style=\"text-align: justify;\"><span style=\"color: #000000;\"><strong>Infinite Classic Cars<\/strong> sera votre partenaire pour votre v\u00e9hicule, qu\u2019il soit moderne ou ancien, pour tous les jours ou comme voiture de collection pour le week-end. Nous en prendrons soin comme si elle nous appartenait.&#8221;<\/span><\/p><p><br \/><br \/><span style=\"color: #000000;\"><strong>St\u00e9phane CUNIN<\/strong><\/span><\/p><h6><span style=\"color: #000000;\">Directeur de Infinite Classic Cars<\/span><\/h6>\t\t\t\t\t\t<\/div>\n\t\t\t\t<\/div>\n\t\t\t\t\t<\/div>\n\t\t<\/div>\n\t\t\t\t\t\t\t<\/div>\n\t\t<\/section>\n\t\t\t\t<section class=\"elementor-section elementor-top-section elementor-element elementor-element-fe54d41 elementor-section-boxed elementor-section-height-default elementor-section-height-default\" data-id=\"fe54d41\" data-element_type=\"section\">\n\t\t\t\t\t\t<div class=\"elementor-container elementor-column-gap-default\">\n\t\t\t\t\t<div class=\"elementor-column elementor-col-100 elementor-top-column elementor-element elementor-element-d9df74a\" data-id=\"d9df74a\" data-element_type=\"column\">\n\t\t\t<div class=\"elementor-widget-wrap elementor-element-populated\">\n\t\t\t\t\t\t\t\t<div class=\"elementor-element elementor-element-1435003 elementor-widget elementor-widget-spacer\" data-id=\"1435003\" data-element_type=\"widget\" data-widget_type=\"spacer.default\">\n\t\t\t\t<div class=\"elementor-widget-container\">\n\t\t\t\t\t<div class=\"elementor-spacer\">\n\t\t\t<div class=\"elementor-spacer-inner\"><\/div>\n\t\t<\/div>\n\t\t\t\t<\/div>\n\t\t\t\t<\/div>\n\t\t\t\t\t<\/div>\n\t\t<\/div>\n\t\t\t\t\t\t\t<\/div>\n\t\t<\/section>\n\t\t\t\t\t\t\t<\/div>\n\t\t","protected":false},"excerpt":{"rendered":"<p>Le mot du Directeur &#8220;Petit gar\u00e7on, j\u2019ai \u00e9t\u00e9 invit\u00e9 \u00e0 m&#8217;asseoir au volant d\u2019une Rolls rutilante qui appartenait \u00e0 un anglais en vacances dans le Sud de la France. Encore aujourd\u2019hui, je me souviens de ce m\u00e9lange d\u2019odeur de cuir et de bois pr\u00e9cieux : c\u2019est \u00e0 ce moment-l\u00e0 qu\u2019est v\u00e9ritablement n\u00e9e ma passion pour &hellip;<\/p>\n<p class=\"read-more\"> <a class=\"\" href=\"https:\/\/infiniteclassiccars.com\/index.php\/apropos\/\"> <span class=\"screen-reader-text\">A propos<\/span> Read More &raquo;<\/a><\/p>\n","protected":false},"author":1,"featured_media":0,"parent":0,"menu_order":0,"comment_status":"closed","ping_status":"closed","template":"","meta":{"site-sidebar-layout":"no-sidebar","site-content-layout":"page-builder","ast-global-header-display":"","ast-main-header-display":"","ast-hfb-above-header-display":"","ast-hfb-below-header-display":"","ast-hfb-mobile-header-display":"","site-post-title":"disabled","ast-breadcrumbs-content":"","ast-featured-img":"disabled","footer-sml-layout":"","theme-transparent-header-meta":"enabled","adv-header-id-meta":"","stick-header-meta":"","header-above-stick-meta":"","header-main-stick-meta":"","header-below-stick-meta":"","footnotes":""},"class_list":["post-1469","page","type-page","status-publish","hentry"],"_links":{"self":[{"href":"https:\/\/infiniteclassiccars.com\/index.php\/wp-json\/wp\/v2\/pages\/1469","targetHints":{"allow":["GET"]}}],"collection":[{"href":"https:\/\/infiniteclassiccars.com\/index.php\/wp-json\/wp\/v2\/pages"}],"about":[{"href":"https:\/\/infiniteclassiccars.com\/index.php\/wp-json\/wp\/v2\/types\/page"}],"author":[{"embeddable":true,"href":"https:\/\/infiniteclassiccars.com\/index.php\/wp-json\/wp\/v2\/users\/1"}],"replies":[{"embeddable":true,"href":"https:\/\/infiniteclassiccars.com\/index.php\/wp-json\/wp\/v2\/comments?post=1469"}],"version-history":[{"count":38,"href":"https:\/\/infiniteclassiccars.com\/index.php\/wp-json\/wp\/v2\/pages\/1469\/revisions"}],"predecessor-version":[{"id":1609,"href":"https:\/\/infiniteclassiccars.com\/index.php\/wp-json\/wp\/v2\/pages\/1469\/revisions\/1609"}],"wp:attachment":[{"href":"https:\/\/infiniteclassiccars.com\/index.php\/wp-json\/wp\/v2\/media?parent=1469"}],"curies":[{"name":"wp","href":"https:\/\/api.w.org\/{rel}","templated":true}]}}