{"id":1720,"date":"2023-11-28T10:31:04","date_gmt":"2023-11-28T09:31:04","guid":{"rendered":"https:\/\/infiniteclassiccars.com\/?page_id=1720"},"modified":"2023-11-28T11:37:05","modified_gmt":"2023-11-28T10:37:05","slug":"annonce-daimler","status":"publish","type":"page","link":"https:\/\/infiniteclassiccars.com\/index.php\/annonce-daimler\/","title":{"rendered":"Annonce Daimler"},"content":{"rendered":"\t\t<div data-elementor-type=\"wp-page\" data-elementor-id=\"1720\" class=\"elementor elementor-1720\">\n\t\t\t\t\t\t\t\t\t<section class=\"elementor-section elementor-top-section elementor-element elementor-element-ca7541c elementor-section-height-min-height elementor-section-boxed elementor-section-height-default elementor-section-items-middle\" data-id=\"ca7541c\" data-element_type=\"section\" data-settings=\"{&quot;background_background&quot;:&quot;classic&quot;}\">\n\t\t\t\t\t\t\t<div class=\"elementor-background-overlay\"><\/div>\n\t\t\t\t\t\t\t<div class=\"elementor-container elementor-column-gap-default\">\n\t\t\t\t\t<div class=\"elementor-column elementor-col-100 elementor-top-column elementor-element elementor-element-bdac241\" data-id=\"bdac241\" data-element_type=\"column\">\n\t\t\t<div class=\"elementor-widget-wrap elementor-element-populated\">\n\t\t\t\t\t\t\t\t<div class=\"elementor-element elementor-element-5ac4ad4 elementor-widget elementor-widget-image\" data-id=\"5ac4ad4\" data-element_type=\"widget\" data-widget_type=\"image.default\">\n\t\t\t\t<div class=\"elementor-widget-container\">\n\t\t\t<style>\/*! elementor - v3.7.1 - 14-08-2022 *\/\n.elementor-widget-image{text-align:center}.elementor-widget-image a{display:inline-block}.elementor-widget-image a img[src$=\".svg\"]{width:48px}.elementor-widget-image img{vertical-align:middle;display:inline-block}<\/style>\t\t\t\t\t\t\t\t\t\t\t\t<img loading=\"lazy\" decoding=\"async\" width=\"300\" height=\"61\" src=\"https:\/\/infiniteclassiccars.com\/wp-content\/uploads\/2022\/06\/INFINITECLASSICCARS_logo_blanc-300x61.png\" class=\"attachment-medium size-medium\" alt=\"\" srcset=\"https:\/\/infiniteclassiccars.com\/wp-content\/uploads\/2022\/06\/INFINITECLASSICCARS_logo_blanc-300x61.png 300w, https:\/\/infiniteclassiccars.com\/wp-content\/uploads\/2022\/06\/INFINITECLASSICCARS_logo_blanc-768x156.png 768w, https:\/\/infiniteclassiccars.com\/wp-content\/uploads\/2022\/06\/INFINITECLASSICCARS_logo_blanc-279x57.png 279w, https:\/\/infiniteclassiccars.com\/wp-content\/uploads\/2022\/06\/INFINITECLASSICCARS_logo_blanc.png 850w\" sizes=\"auto, (max-width: 300px) 100vw, 300px\" \/>\t\t\t\t\t\t\t\t\t\t\t\t\t\t\t<\/div>\n\t\t\t\t<\/div>\n\t\t\t\t\t<\/div>\n\t\t<\/div>\n\t\t\t\t\t\t\t<\/div>\n\t\t<\/section>\n\t\t\t\t<section class=\"elementor-section elementor-top-section elementor-element elementor-element-45af27b elementor-section-boxed elementor-section-height-default elementor-section-height-default\" data-id=\"45af27b\" data-element_type=\"section\">\n\t\t\t\t\t\t<div class=\"elementor-container elementor-column-gap-default\">\n\t\t\t\t\t<div class=\"elementor-column elementor-col-100 elementor-top-column elementor-element elementor-element-5fc6034\" data-id=\"5fc6034\" data-element_type=\"column\">\n\t\t\t<div class=\"elementor-widget-wrap elementor-element-populated\">\n\t\t\t\t\t\t\t\t<div class=\"elementor-element elementor-element-1d995df elementor-widget elementor-widget-spacer\" data-id=\"1d995df\" data-element_type=\"widget\" data-widget_type=\"spacer.default\">\n\t\t\t\t<div class=\"elementor-widget-container\">\n\t\t\t<style>\/*! elementor - v3.7.1 - 14-08-2022 *\/\n.elementor-column .elementor-spacer-inner{height:var(--spacer-size)}.e-container{--container-widget-width:100%}.e-container>.elementor-widget-spacer{width:var(--container-widget-width,var(--spacer-size));-ms-flex-item-align:stretch;align-self:stretch;-ms-flex-negative:0;flex-shrink:0}.e-container>.elementor-widget-spacer>.elementor-widget-container,.e-container>.elementor-widget-spacer>.elementor-widget-container>.elementor-spacer{height:100%}.e-container>.elementor-widget-spacer>.elementor-widget-container>.elementor-spacer>.elementor-spacer-inner{height:var(--container-widget-height,var(--spacer-size))}<\/style>\t\t<div class=\"elementor-spacer\">\n\t\t\t<div class=\"elementor-spacer-inner\"><\/div>\n\t\t<\/div>\n\t\t\t\t<\/div>\n\t\t\t\t<\/div>\n\t\t\t\t\t<\/div>\n\t\t<\/div>\n\t\t\t\t\t\t\t<\/div>\n\t\t<\/section>\n\t\t\t\t<section class=\"elementor-section elementor-top-section elementor-element elementor-element-76b21dd elementor-section-boxed elementor-section-height-default elementor-section-height-default\" data-id=\"76b21dd\" data-element_type=\"section\">\n\t\t\t\t\t\t<div class=\"elementor-container elementor-column-gap-default\">\n\t\t\t\t\t<div class=\"elementor-column elementor-col-100 elementor-top-column elementor-element elementor-element-c507c33\" data-id=\"c507c33\" data-element_type=\"column\">\n\t\t\t<div class=\"elementor-widget-wrap elementor-element-populated\">\n\t\t\t\t\t\t\t\t<div class=\"elementor-element elementor-element-489853c elementor-widget elementor-widget-heading\" data-id=\"489853c\" data-element_type=\"widget\" data-widget_type=\"heading.default\">\n\t\t\t\t<div class=\"elementor-widget-container\">\n\t\t\t<style>\/*! elementor - v3.7.1 - 14-08-2022 *\/\n.elementor-heading-title{padding:0;margin:0;line-height:1}.elementor-widget-heading .elementor-heading-title[class*=elementor-size-]>a{color:inherit;font-size:inherit;line-height:inherit}.elementor-widget-heading .elementor-heading-title.elementor-size-small{font-size:15px}.elementor-widget-heading .elementor-heading-title.elementor-size-medium{font-size:19px}.elementor-widget-heading .elementor-heading-title.elementor-size-large{font-size:29px}.elementor-widget-heading .elementor-heading-title.elementor-size-xl{font-size:39px}.elementor-widget-heading .elementor-heading-title.elementor-size-xxl{font-size:59px}<\/style><h2 class=\"elementor-heading-title elementor-size-default\">Daimler super V8 LWB cherche collectionneur<\/h2>\t\t<\/div>\n\t\t\t\t<\/div>\n\t\t\t\t\t<\/div>\n\t\t<\/div>\n\t\t\t\t\t\t\t<\/div>\n\t\t<\/section>\n\t\t\t\t<section class=\"elementor-section elementor-top-section elementor-element elementor-element-e2fbf71 elementor-section-boxed elementor-section-height-default elementor-section-height-default\" data-id=\"e2fbf71\" data-element_type=\"section\">\n\t\t\t\t\t\t\t<div class=\"elementor-background-overlay\"><\/div>\n\t\t\t\t\t\t\t<div class=\"elementor-container elementor-column-gap-default\">\n\t\t\t\t\t<div class=\"elementor-column elementor-col-50 elementor-top-column elementor-element elementor-element-cdb8cd7\" data-id=\"cdb8cd7\" data-element_type=\"column\">\n\t\t\t<div class=\"elementor-widget-wrap elementor-element-populated\">\n\t\t\t\t\t\t\t\t<div class=\"elementor-element elementor-element-e6c4cf1 gallery-spacing-custom elementor-widget elementor-widget-image-gallery\" data-id=\"e6c4cf1\" data-element_type=\"widget\" data-widget_type=\"image-gallery.default\">\n\t\t\t\t<div class=\"elementor-widget-container\">\n\t\t\t<style>\/*! elementor - v3.7.1 - 14-08-2022 *\/\n.elementor-image-gallery .gallery-item{display:inline-block;text-align:center;vertical-align:top;width:100%;max-width:100%;margin:0 auto}.elementor-image-gallery .gallery-item img{margin:0 auto}.elementor-image-gallery .gallery-item .gallery-caption{margin:0}.elementor-image-gallery figure img{display:block}.elementor-image-gallery figure figcaption{width:100%}.gallery-spacing-custom .elementor-image-gallery .gallery-icon{padding:0}@media (min-width:768px){.elementor-image-gallery .gallery-columns-2 .gallery-item{max-width:50%}.elementor-image-gallery .gallery-columns-3 .gallery-item{max-width:33.33%}.elementor-image-gallery .gallery-columns-4 .gallery-item{max-width:25%}.elementor-image-gallery .gallery-columns-5 .gallery-item{max-width:20%}.elementor-image-gallery .gallery-columns-6 .gallery-item{max-width:16.666%}.elementor-image-gallery .gallery-columns-7 .gallery-item{max-width:14.28%}.elementor-image-gallery .gallery-columns-8 .gallery-item{max-width:12.5%}.elementor-image-gallery .gallery-columns-9 .gallery-item{max-width:11.11%}.elementor-image-gallery .gallery-columns-10 .gallery-item{max-width:10%}}@media (min-width:480px) and (max-width:767px){.elementor-image-gallery .gallery.gallery-columns-2 .gallery-item,.elementor-image-gallery .gallery.gallery-columns-3 .gallery-item,.elementor-image-gallery .gallery.gallery-columns-4 .gallery-item,.elementor-image-gallery .gallery.gallery-columns-5 .gallery-item,.elementor-image-gallery .gallery.gallery-columns-6 .gallery-item,.elementor-image-gallery .gallery.gallery-columns-7 .gallery-item,.elementor-image-gallery .gallery.gallery-columns-8 .gallery-item,.elementor-image-gallery .gallery.gallery-columns-9 .gallery-item,.elementor-image-gallery .gallery.gallery-columns-10 .gallery-item{max-width:50%}}@media (max-width:479px){.elementor-image-gallery .gallery.gallery-columns-2 .gallery-item,.elementor-image-gallery .gallery.gallery-columns-3 .gallery-item,.elementor-image-gallery .gallery.gallery-columns-4 .gallery-item,.elementor-image-gallery .gallery.gallery-columns-5 .gallery-item,.elementor-image-gallery .gallery.gallery-columns-6 .gallery-item,.elementor-image-gallery .gallery.gallery-columns-7 .gallery-item,.elementor-image-gallery .gallery.gallery-columns-8 .gallery-item,.elementor-image-gallery .gallery.gallery-columns-9 .gallery-item,.elementor-image-gallery .gallery.gallery-columns-10 .gallery-item{max-width:100%}}<\/style>\t\t<div class=\"elementor-image-gallery\">\n\t\t\t<div id='gallery-1' class='gallery galleryid-1720 gallery-columns-3 gallery-size-thumbnail'><figure class='gallery-item'>\n\t\t\t<div class='gallery-icon landscape'>\n\t\t\t\t<a data-elementor-open-lightbox=\"yes\" data-elementor-lightbox-slideshow=\"e6c4cf1\" data-elementor-lightbox-title=\"Face AV\" e-action-hash=\"#elementor-action%3Aaction%3Dlightbox%26settings%3DeyJpZCI6MTY4OCwidXJsIjoiaHR0cHM6XC9cL2luZmluaXRlY2xhc3NpY2NhcnMuY29tXC93cC1jb250ZW50XC91cGxvYWRzXC8yMDIzXC8xMVwvRmFjZS1BVi1zY2FsZWQuanBnIiwic2xpZGVzaG93IjoiZTZjNGNmMSJ9\" href='https:\/\/infiniteclassiccars.com\/wp-content\/uploads\/2023\/11\/Face-AV-scaled.jpg'><img loading=\"lazy\" decoding=\"async\" width=\"150\" height=\"150\" src=\"https:\/\/infiniteclassiccars.com\/wp-content\/uploads\/2023\/11\/Face-AV-150x150.jpg\" class=\"attachment-thumbnail size-thumbnail\" alt=\"\" \/><\/a>\n\t\t\t<\/div><\/figure><figure class='gallery-item'>\n\t\t\t<div class='gallery-icon landscape'>\n\t\t\t\t<a data-elementor-open-lightbox=\"yes\" data-elementor-lightbox-slideshow=\"e6c4cf1\" data-elementor-lightbox-title=\"Cote\u0301 D\" e-action-hash=\"#elementor-action%3Aaction%3Dlightbox%26settings%3DeyJpZCI6MTY4NywidXJsIjoiaHR0cHM6XC9cL2luZmluaXRlY2xhc3NpY2NhcnMuY29tXC93cC1jb250ZW50XC91cGxvYWRzXC8yMDIzXC8xMVwvQ290ZS1ELXNjYWxlZC5qcGciLCJzbGlkZXNob3ciOiJlNmM0Y2YxIn0%3D\" href='https:\/\/infiniteclassiccars.com\/wp-content\/uploads\/2023\/11\/Cote-D-scaled.jpg'><img loading=\"lazy\" decoding=\"async\" width=\"150\" height=\"150\" src=\"https:\/\/infiniteclassiccars.com\/wp-content\/uploads\/2023\/11\/Cote-D-150x150.jpg\" class=\"attachment-thumbnail size-thumbnail\" alt=\"\" \/><\/a>\n\t\t\t<\/div><\/figure><figure class='gallery-item'>\n\t\t\t<div class='gallery-icon landscape'>\n\t\t\t\t<a data-elementor-open-lightbox=\"yes\" data-elementor-lightbox-slideshow=\"e6c4cf1\" data-elementor-lightbox-title=\"AR\" e-action-hash=\"#elementor-action%3Aaction%3Dlightbox%26settings%3DeyJpZCI6MTY4NiwidXJsIjoiaHR0cHM6XC9cL2luZmluaXRlY2xhc3NpY2NhcnMuY29tXC93cC1jb250ZW50XC91cGxvYWRzXC8yMDIzXC8xMVwvQVItc2NhbGVkLmpwZyIsInNsaWRlc2hvdyI6ImU2YzRjZjEifQ%3D%3D\" href='https:\/\/infiniteclassiccars.com\/wp-content\/uploads\/2023\/11\/AR-scaled.jpg'><img loading=\"lazy\" decoding=\"async\" width=\"150\" height=\"150\" src=\"https:\/\/infiniteclassiccars.com\/wp-content\/uploads\/2023\/11\/AR-150x150.jpg\" class=\"attachment-thumbnail size-thumbnail\" alt=\"\" \/><\/a>\n\t\t\t<\/div><\/figure><figure class='gallery-item'>\n\t\t\t<div class='gallery-icon landscape'>\n\t\t\t\t<a data-elementor-open-lightbox=\"yes\" data-elementor-lightbox-slideshow=\"e6c4cf1\" data-elementor-lightbox-title=\"3-4 AV DT\" e-action-hash=\"#elementor-action%3Aaction%3Dlightbox%26settings%3DeyJpZCI6MTY4NSwidXJsIjoiaHR0cHM6XC9cL2luZmluaXRlY2xhc3NpY2NhcnMuY29tXC93cC1jb250ZW50XC91cGxvYWRzXC8yMDIzXC8xMVwvMy00LUFWLURULXNjYWxlZC5qcGciLCJzbGlkZXNob3ciOiJlNmM0Y2YxIn0%3D\" href='https:\/\/infiniteclassiccars.com\/wp-content\/uploads\/2023\/11\/3-4-AV-DT-scaled.jpg'><img loading=\"lazy\" decoding=\"async\" width=\"150\" height=\"150\" src=\"https:\/\/infiniteclassiccars.com\/wp-content\/uploads\/2023\/11\/3-4-AV-DT-150x150.jpg\" class=\"attachment-thumbnail size-thumbnail\" alt=\"\" \/><\/a>\n\t\t\t<\/div><\/figure><figure class='gallery-item'>\n\t\t\t<div class='gallery-icon landscape'>\n\t\t\t\t<a data-elementor-open-lightbox=\"yes\" data-elementor-lightbox-slideshow=\"e6c4cf1\" data-elementor-lightbox-title=\"3-4 AR G\" e-action-hash=\"#elementor-action%3Aaction%3Dlightbox%26settings%3DeyJpZCI6MTY4NCwidXJsIjoiaHR0cHM6XC9cL2luZmluaXRlY2xhc3NpY2NhcnMuY29tXC93cC1jb250ZW50XC91cGxvYWRzXC8yMDIzXC8xMVwvMy00LUFSLUctc2NhbGVkLmpwZyIsInNsaWRlc2hvdyI6ImU2YzRjZjEifQ%3D%3D\" href='https:\/\/infiniteclassiccars.com\/wp-content\/uploads\/2023\/11\/3-4-AR-G-scaled.jpg'><img loading=\"lazy\" decoding=\"async\" width=\"150\" height=\"150\" src=\"https:\/\/infiniteclassiccars.com\/wp-content\/uploads\/2023\/11\/3-4-AR-G-150x150.jpg\" class=\"attachment-thumbnail size-thumbnail\" alt=\"\" \/><\/a>\n\t\t\t<\/div><\/figure><figure class='gallery-item'>\n\t\t\t<div class='gallery-icon landscape'>\n\t\t\t\t<a data-elementor-open-lightbox=\"yes\" data-elementor-lightbox-slideshow=\"e6c4cf1\" data-elementor-lightbox-title=\"Int passage\u0301\" e-action-hash=\"#elementor-action%3Aaction%3Dlightbox%26settings%3DeyJpZCI6MTY5MiwidXJsIjoiaHR0cHM6XC9cL2luZmluaXRlY2xhc3NpY2NhcnMuY29tXC93cC1jb250ZW50XC91cGxvYWRzXC8yMDIzXC8xMVwvSW50LXBhc3NhZ2Utc2NhbGVkLmpwZyIsInNsaWRlc2hvdyI6ImU2YzRjZjEifQ%3D%3D\" href='https:\/\/infiniteclassiccars.com\/wp-content\/uploads\/2023\/11\/Int-passage-scaled.jpg'><img loading=\"lazy\" decoding=\"async\" width=\"150\" height=\"150\" src=\"https:\/\/infiniteclassiccars.com\/wp-content\/uploads\/2023\/11\/Int-passage-150x150.jpg\" class=\"attachment-thumbnail size-thumbnail\" alt=\"\" \/><\/a>\n\t\t\t<\/div><\/figure><figure class='gallery-item'>\n\t\t\t<div class='gallery-icon landscape'>\n\t\t\t\t<a data-elementor-open-lightbox=\"yes\" data-elementor-lightbox-slideshow=\"e6c4cf1\" data-elementor-lightbox-title=\"Int conducteur\" e-action-hash=\"#elementor-action%3Aaction%3Dlightbox%26settings%3DeyJpZCI6MTY5MSwidXJsIjoiaHR0cHM6XC9cL2luZmluaXRlY2xhc3NpY2NhcnMuY29tXC93cC1jb250ZW50XC91cGxvYWRzXC8yMDIzXC8xMVwvSW50LWNvbmR1Y3RldXItc2NhbGVkLmpwZyIsInNsaWRlc2hvdyI6ImU2YzRjZjEifQ%3D%3D\" href='https:\/\/infiniteclassiccars.com\/wp-content\/uploads\/2023\/11\/Int-conducteur-scaled.jpg'><img loading=\"lazy\" decoding=\"async\" width=\"150\" height=\"150\" src=\"https:\/\/infiniteclassiccars.com\/wp-content\/uploads\/2023\/11\/Int-conducteur-150x150.jpg\" class=\"attachment-thumbnail size-thumbnail\" alt=\"\" \/><\/a>\n\t\t\t<\/div><\/figure><figure class='gallery-item'>\n\t\t\t<div class='gallery-icon landscape'>\n\t\t\t\t<a data-elementor-open-lightbox=\"yes\" data-elementor-lightbox-slideshow=\"e6c4cf1\" data-elementor-lightbox-title=\"Int AV\" e-action-hash=\"#elementor-action%3Aaction%3Dlightbox%26settings%3DeyJpZCI6MTY5MCwidXJsIjoiaHR0cHM6XC9cL2luZmluaXRlY2xhc3NpY2NhcnMuY29tXC93cC1jb250ZW50XC91cGxvYWRzXC8yMDIzXC8xMVwvSW50LUFWLXNjYWxlZC5qcGciLCJzbGlkZXNob3ciOiJlNmM0Y2YxIn0%3D\" href='https:\/\/infiniteclassiccars.com\/wp-content\/uploads\/2023\/11\/Int-AV-scaled.jpg'><img loading=\"lazy\" decoding=\"async\" width=\"150\" height=\"150\" src=\"https:\/\/infiniteclassiccars.com\/wp-content\/uploads\/2023\/11\/Int-AV-150x150.jpg\" class=\"attachment-thumbnail size-thumbnail\" alt=\"\" \/><\/a>\n\t\t\t<\/div><\/figure><figure class='gallery-item'>\n\t\t\t<div class='gallery-icon landscape'>\n\t\t\t\t<a data-elementor-open-lightbox=\"yes\" data-elementor-lightbox-slideshow=\"e6c4cf1\" data-elementor-lightbox-title=\"Int AR\" e-action-hash=\"#elementor-action%3Aaction%3Dlightbox%26settings%3DeyJpZCI6MTY4OSwidXJsIjoiaHR0cHM6XC9cL2luZmluaXRlY2xhc3NpY2NhcnMuY29tXC93cC1jb250ZW50XC91cGxvYWRzXC8yMDIzXC8xMVwvSW50LUFSLXNjYWxlZC5qcGciLCJzbGlkZXNob3ciOiJlNmM0Y2YxIn0%3D\" href='https:\/\/infiniteclassiccars.com\/wp-content\/uploads\/2023\/11\/Int-AR-scaled.jpg'><img loading=\"lazy\" decoding=\"async\" width=\"150\" height=\"150\" src=\"https:\/\/infiniteclassiccars.com\/wp-content\/uploads\/2023\/11\/Int-AR-150x150.jpg\" class=\"attachment-thumbnail size-thumbnail\" alt=\"\" \/><\/a>\n\t\t\t<\/div><\/figure>\n\t\t<\/div>\n\t\t<\/div>\n\t\t\t\t<\/div>\n\t\t\t\t<\/div>\n\t\t\t\t\t<\/div>\n\t\t<\/div>\n\t\t\t\t<div class=\"elementor-column elementor-col-50 elementor-top-column elementor-element elementor-element-42cd7e7\" data-id=\"42cd7e7\" data-element_type=\"column\">\n\t\t\t<div class=\"elementor-widget-wrap elementor-element-populated\">\n\t\t\t\t\t\t\t\t<div class=\"elementor-element elementor-element-56cd179 elementor-widget elementor-widget-text-editor\" data-id=\"56cd179\" data-element_type=\"widget\" data-widget_type=\"text-editor.default\">\n\t\t\t\t<div class=\"elementor-widget-container\">\n\t\t\t<style>\/*! elementor - v3.7.1 - 14-08-2022 *\/\n.elementor-widget-text-editor.elementor-drop-cap-view-stacked .elementor-drop-cap{background-color:#818a91;color:#fff}.elementor-widget-text-editor.elementor-drop-cap-view-framed .elementor-drop-cap{color:#818a91;border:3px solid;background-color:transparent}.elementor-widget-text-editor:not(.elementor-drop-cap-view-default) .elementor-drop-cap{margin-top:8px}.elementor-widget-text-editor:not(.elementor-drop-cap-view-default) .elementor-drop-cap-letter{width:1em;height:1em}.elementor-widget-text-editor .elementor-drop-cap{float:left;text-align:center;line-height:1;font-size:50px}.elementor-widget-text-editor .elementor-drop-cap-letter{display:inline-block}<\/style>\t\t\t\t<h3 style=\"text-align: justify;\"><strong><span style=\"color: #333399;\">R\u00e9f\u00a0: 2311001<\/span><\/strong><\/h3><p style=\"text-align: justify;\"><span style=\"color: #000000;\"><strong>INFINITE CLASSIC CARS vous propose \u00e0 la vente pour le compte de son client cette tr\u00e8s belle Daimler X308 Super V8.<\/strong><\/span><br \/><br \/><\/p><p style=\"text-align: justify;\">Ce mod\u00e8le rare <strong><span style=\"color: #333399;\">(2387 exemplaires au monde),<\/span><\/strong> au ch\u00e2ssis long repr\u00e9sentant le luxe et le raffinement \u00e0 l&#8217;anglaise, dispose, pour son \u00e2ge, d&#8217;un \u00e9quipement impressionnant, avec entre autres 4 si\u00e8ges individuels \u00e0 r\u00e9glage \u00e9lectrique et chauffants, d&#8217;un r\u00e9gulateur de vitesse et du r\u00e9troviseur int\u00e9rieur \u00e9lectrochrome.<br \/><br \/><\/p><p style=\"text-align: justify;\">Son confort est difficilement \u00e9galable encore aujourd&#8217;hui, notamment gr\u00e2ce \u00e0 ses suspensions pilot\u00e9es CATS. Concernant le moteur, il n&#8217;est pas en reste avec son V8 compress\u00e9 et ses 375cv, moteur que nous pouvions \u00e9galement trouver sous le capot des XJR et XKR. Il s&#8217;av\u00e8re tr\u00e8s agr\u00e9able, puissant, coupleux et extr\u00eamement silencieux.<br \/><br \/><\/p><p style=\"text-align: justify;\">La Jaguar XJ X308 est la derni\u00e8re \u00e0 pouvoir se targuer d\u2019h\u00e9riter de la ligne de son anc\u00eatre de 1968. Cette Daimler, \u00e0 la cote montante, est un exemplaire \u00e0 collectionner avant qu&#8217;il ne soit trop tard !<\/p><p style=\"text-align: justify;\"><em>\u00a0<\/em><\/p>\t\t\t\t\t\t<\/div>\n\t\t\t\t<\/div>\n\t\t\t\t\t<\/div>\n\t\t<\/div>\n\t\t\t\t\t\t\t<\/div>\n\t\t<\/section>\n\t\t\t\t<section class=\"elementor-section elementor-top-section elementor-element elementor-element-39d7a0c elementor-section-boxed elementor-section-height-default elementor-section-height-default\" data-id=\"39d7a0c\" data-element_type=\"section\">\n\t\t\t\t\t\t<div class=\"elementor-container elementor-column-gap-default\">\n\t\t\t\t\t<div class=\"elementor-column elementor-col-100 elementor-top-column elementor-element elementor-element-b512a2f\" data-id=\"b512a2f\" data-element_type=\"column\">\n\t\t\t<div class=\"elementor-widget-wrap elementor-element-populated\">\n\t\t\t\t\t\t\t\t<div class=\"elementor-element elementor-element-db6dca1 elementor-widget elementor-widget-spacer\" data-id=\"db6dca1\" data-element_type=\"widget\" data-widget_type=\"spacer.default\">\n\t\t\t\t<div class=\"elementor-widget-container\">\n\t\t\t\t\t<div class=\"elementor-spacer\">\n\t\t\t<div class=\"elementor-spacer-inner\"><\/div>\n\t\t<\/div>\n\t\t\t\t<\/div>\n\t\t\t\t<\/div>\n\t\t\t\t\t<\/div>\n\t\t<\/div>\n\t\t\t\t\t\t\t<\/div>\n\t\t<\/section>\n\t\t\t\t<section class=\"elementor-section elementor-top-section elementor-element elementor-element-55daba6 elementor-section-boxed elementor-section-height-default elementor-section-height-default\" data-id=\"55daba6\" data-element_type=\"section\">\n\t\t\t\t\t\t<div class=\"elementor-container elementor-column-gap-default\">\n\t\t\t\t\t<div class=\"elementor-column elementor-col-100 elementor-top-column elementor-element elementor-element-4b568cf\" data-id=\"4b568cf\" data-element_type=\"column\">\n\t\t\t<div class=\"elementor-widget-wrap elementor-element-populated\">\n\t\t\t\t\t\t\t\t<div class=\"elementor-element elementor-element-6c2a28f elementor-widget elementor-widget-text-editor\" data-id=\"6c2a28f\" data-element_type=\"widget\" data-widget_type=\"text-editor.default\">\n\t\t\t\t<div class=\"elementor-widget-container\">\n\t\t\t\t\t\t\t<h3 style=\"text-align: center;\">Description : <\/h3>\t\t\t\t\t\t<\/div>\n\t\t\t\t<\/div>\n\t\t\t\t\t<\/div>\n\t\t<\/div>\n\t\t\t\t\t\t\t<\/div>\n\t\t<\/section>\n\t\t\t\t<section class=\"elementor-section elementor-top-section elementor-element elementor-element-85f9322 elementor-section-boxed elementor-section-height-default elementor-section-height-default\" data-id=\"85f9322\" data-element_type=\"section\">\n\t\t\t\t\t\t<div class=\"elementor-container elementor-column-gap-default\">\n\t\t\t\t\t<div class=\"elementor-column elementor-col-100 elementor-top-column elementor-element elementor-element-cea7cf3\" data-id=\"cea7cf3\" data-element_type=\"column\">\n\t\t\t<div class=\"elementor-widget-wrap elementor-element-populated\">\n\t\t\t\t\t\t\t\t<div class=\"elementor-element elementor-element-60948da elementor-widget elementor-widget-text-editor\" data-id=\"60948da\" data-element_type=\"widget\" data-widget_type=\"text-editor.default\">\n\t\t\t\t<div class=\"elementor-widget-container\">\n\t\t\t\t\t\t\t<p><strong>Moteur :<\/strong> V8 375cv, affichant 113 050 km au compteur (peu \u00e9volutif)<\/p><p><strong>1\u00e8re mise en circulation :<\/strong> le 20 juillet 1999<br \/><strong>Couleur :<\/strong> Gris claire <br \/><strong>Prix :<\/strong> 17 900\u20ac<br \/><strong>Etat<\/strong> : bon \u00e9tat g\u00e9n\u00e9ral<br \/><br \/><\/p><p><span style=\"color: #333399;\"><strong>\u00c9quipements :<\/strong><\/span><br \/>&#8211; Vitres \u00e9lectriques avant et arri\u00e8re<br \/>&#8211; R\u00e9troviseur \u00e9lectrique et int\u00e9rieur \u00e9lectrochrome <br \/>&#8211; 4 si\u00e8ges individuels \u00e9lectriques et chauffants<br \/>&#8211; Toit ouvrant<br \/>&#8211; Fermeture centralis\u00e9e \u00e0 distance <br \/>&#8211; Pr\u00e9-\u00e9quipement t\u00e9l\u00e9phonique<br \/>&#8211; Radio cassette avec chargeur CD <br \/>&#8211; Climatisation automatique<br \/>&#8211; Volant \u00e0 r\u00e9glage \u00e9lectrique <br \/>&#8211; R\u00e9gulateur de vitesse<br \/>&#8211; Ordinateur de bord <br \/>&#8211; Airbags <br \/>&#8211; Alarme<\/p><p><span style=\"color: #333399;\"><strong><br \/>Autres :<\/strong><\/span><br \/>&#8211; Double des cl\u00e9s<br \/>&#8211; Facture d&#8217;entretien <br \/>&#8211; Non-fumeur<\/p><p><span style=\"color: #333399;\"><strong><br \/>Contact :<br \/><\/strong><\/span>St\u00e9phane CUNIN au 06 95 50 86 82<br \/>Mail : stephane.c@infiniteclassiccars.com<\/p>\t\t\t\t\t\t<\/div>\n\t\t\t\t<\/div>\n\t\t\t\t\t<\/div>\n\t\t<\/div>\n\t\t\t\t\t\t\t<\/div>\n\t\t<\/section>\n\t\t\t\t\t\t\t<\/div>\n\t\t","protected":false},"excerpt":{"rendered":"<p>Daimler super V8 LWB cherche collectionneur R\u00e9f\u00a0: 2311001 INFINITE CLASSIC CARS vous propose \u00e0 la vente pour le compte de son client cette tr\u00e8s belle Daimler X308 Super V8. Ce mod\u00e8le rare (2387 exemplaires au monde), au ch\u00e2ssis long repr\u00e9sentant le luxe et le raffinement \u00e0 l&#8217;anglaise, dispose, pour son \u00e2ge, d&#8217;un \u00e9quipement impressionnant, avec &hellip;<\/p>\n<p class=\"read-more\"> <a class=\"\" href=\"https:\/\/infiniteclassiccars.com\/index.php\/annonce-daimler\/\"> <span class=\"screen-reader-text\">Annonce Daimler<\/span> Read More &raquo;<\/a><\/p>\n","protected":false},"author":1,"featured_media":0,"parent":0,"menu_order":0,"comment_status":"closed","ping_status":"closed","template":"","meta":{"site-sidebar-layout":"no-sidebar","site-content-layout":"page-builder","ast-global-header-display":"","ast-main-header-display":"","ast-hfb-above-header-display":"","ast-hfb-below-header-display":"","ast-hfb-mobile-header-display":"","site-post-title":"disabled","ast-breadcrumbs-content":"","ast-featured-img":"disabled","footer-sml-layout":"","theme-transparent-header-meta":"enabled","adv-header-id-meta":"","stick-header-meta":"","header-above-stick-meta":"","header-main-stick-meta":"","header-below-stick-meta":"","footnotes":""},"class_list":["post-1720","page","type-page","status-publish","hentry"],"_links":{"self":[{"href":"https:\/\/infiniteclassiccars.com\/index.php\/wp-json\/wp\/v2\/pages\/1720","targetHints":{"allow":["GET"]}}],"collection":[{"href":"https:\/\/infiniteclassiccars.com\/index.php\/wp-json\/wp\/v2\/pages"}],"about":[{"href":"https:\/\/infiniteclassiccars.com\/index.php\/wp-json\/wp\/v2\/types\/page"}],"author":[{"embeddable":true,"href":"https:\/\/infiniteclassiccars.com\/index.php\/wp-json\/wp\/v2\/users\/1"}],"replies":[{"embeddable":true,"href":"https:\/\/infiniteclassiccars.com\/index.php\/wp-json\/wp\/v2\/comments?post=1720"}],"version-history":[{"count":31,"href":"https:\/\/infiniteclassiccars.com\/index.php\/wp-json\/wp\/v2\/pages\/1720\/revisions"}],"predecessor-version":[{"id":1754,"href":"https:\/\/infiniteclassiccars.com\/index.php\/wp-json\/wp\/v2\/pages\/1720\/revisions\/1754"}],"wp:attachment":[{"href":"https:\/\/infiniteclassiccars.com\/index.php\/wp-json\/wp\/v2\/media?parent=1720"}],"curies":[{"name":"wp","href":"https:\/\/api.w.org\/{rel}","templated":true}]}}